{"id":112,"date":"2022-09-13T22:40:31","date_gmt":"2022-09-13T19:40:31","guid":{"rendered":"https:\/\/kivinahk.com\/?post_type=product&#038;p=112"},"modified":"2025-09-04T12:40:53","modified_gmt":"2025-09-04T09:40:53","slug":"yama-blue-almond-minimalist-leather-wallet","status":"publish","type":"product","link":"https:\/\/kivinahk.com\/et\/toode\/yama-blue-almond-minimalist-leather-wallet\/","title":{"rendered":"Yama \u2013 Sinine &amp; Mandlipruun Minimalistlik Nahast Rahakott"},"content":{"rendered":"<p>Tutvustame meie minimalistlikku k\u00e4sitsi valmistatud nahast rahakotti \u2018Yama\u2019 - praktiline ja stiilne aksessuaar, mis on loodud, et hoida teie kaardid ja sularaha kompaktselt ja elegantselt \u00fcheskoos. See rahakott on valmistatud erakordse t\u00e4helepanuga detailidele, tagades nii vastupidavuse kui ka funktsionaalsuse.<\/p>\n<p>Valmistatud kvaliteetsest nahast, see kahev\u00e4rviline disain on silmapaistev. Elegantne sinine v\u00e4limus ning mandlipruun sisemus, millele on lisatud siniseid detaile, loob h\u00e4mmastava kontrasti, mis eristab seda rahakotti traditsioonilistest rahakottidest.<\/p>\n<p>Disainitud lihtsuse ja mugavuse jaoks, see minimalistlik rahakott sisaldab kuut kaardipesa, mis mahutavad tavalised krediitkaardid, ID-d ja visiitkaardid. Lisaks on rahakotil koht sularahale, muutes teie igap\u00e4evaste asjade korraldamise lihtsaks ja mugavaks.<\/p>\n<p>Nimi \u201eYama\u201d on inspireeritud Jaapani s\u00f5nast, mis t\u00e4hendab m\u00e4ge, ning see on austusavaldus lihtsuse ilule. Selle klassikaline v\u00e4limus sobib igaks juhuks, samas kui minimalistlik disain tagab, et see ei sega teie igap\u00e4evaseid tegemisi.<\/p>\n<p>Iga rahakoti k\u00e4sitsi valmistamine v\u00f5tab aega umbes 8 tundi \u2013 nahk l\u00f5igatakse, \u00f5hendatakse t\u00e4pselt \u00f5ige paksuseni, et tagada rahakoti \u00f5huke profiil, kuid samas ka piisav tugevus ning seej\u00e4rel \u00f5mmeldakse.<\/p>\n<p>Kui otsite stiilset aksessuaari v\u00f5i praktilist lahendust oma igap\u00e4evaste asjade kandmiseks, on \u201eYama\u201d ideaalne valik. K\u00f5rge kvaliteedi, meisterliku t\u00f6\u00f6tluse ja ajatu disaini kombinatsioon muudab selle k\u00e4sitsi valmistatud nahast rahakoti kindlasti muljetavaldavaks valikuks.<\/p>\n<p>KuI soovite rohkem teada taimparknahast ja selle \u00f5ige hooldamise kohta, kl\u00f5psake <a href=\"https:\/\/kivinahk.com\/et\/product-care\/\">siia<\/a> t\u00e4iendava info saamiseks.<\/p>\n<p>Omadused:<\/p>\n<p>-100% k\u00e4sit\u00f6\u00f6<\/p>\n<p>-Kvaliteetne taimparknahk Toskana, Itaalia p\u00e4ritoluga<\/p>\n<p>-6 kaarditaskut ning 1 tasku sularaha jaoks<\/p>\n<p>-M\u00f5\u00f5dud suletuna: 11 x 9 x 1cm<\/p>\n<p>-Disainitud ja valmistatud Eestis<\/p>\n<p>M\u00c4RKUS: Iga Kivinaha toode on ainulaadne, mis l\u00f5igatakse, \u00f5mmeldakse ja viimistletakse k\u00e4sitsi \u00fche ainukese k\u00e4sit\u00f6\u00f6lise poolt p\u00e4rast Teie tellimuse esitamist. KONTROLLIGE TARNEAEGU KODULEHELT.<\/p>\n<p>&nbsp;<\/p>\n<p>&nbsp;<\/p>","protected":false},"excerpt":{"rendered":"<p>Tutvustame meie minimalistlikku k\u00e4sitsi valmistatud nahast rahakotti \u2018Yama\u2019 - praktiline ja stiilne aksessuaar, mis on loodud, et hoida teie kaardid ja sularaha kompaktselt ja elegantselt \u00fcheskoos. See rahakott on valmistatud erakordse t\u00e4helepanuga detailidele, tagades nii vastupidavuse kui ka funktsionaalsuse.<\/p>\n<p>Valmistatud kvaliteetsest nahast, see kahev\u00e4rviline disain on silmapaistev. Elegantne sinine v\u00e4limus ning mandlipruun sisemus, millele on lisatud siniseid detaile, loob h\u00e4mmastava kontrasti, mis eristab seda rahakotti traditsioonilistest rahakottidest.<\/p>\n<p>Disainitud lihtsuse ja mugavuse jaoks, see minimalistlik rahakott sisaldab kuut kaardipesa, mis mahutavad tavalised krediitkaardid, ID-d ja visiitkaardid. Lisaks on rahakotil koht sularahale, muutes teie igap\u00e4evaste asjade korraldamise lihtsaks ja mugavaks.<\/p>\n<p>Nimi \u201eYama\u201d on inspireeritud Jaapani s\u00f5nast, mis t\u00e4hendab m\u00e4ge, ning see on austusavaldus lihtsuse ilule. Selle klassikaline v\u00e4limus sobib igaks juhuks, samas kui minimalistlik disain tagab, et see ei sega teie igap\u00e4evaseid tegemisi.<\/p>\n<p>Iga rahakoti k\u00e4sitsi valmistamine v\u00f5tab aega umbes 8 tundi \u2013 nahk l\u00f5igatakse, \u00f5hendatakse t\u00e4pselt \u00f5ige paksuseni, et tagada rahakoti \u00f5huke profiil, kuid samas ka piisav tugevus ning seej\u00e4rel \u00f5mmeldakse.<\/p>\n<p>Kui otsite stiilset aksessuaari v\u00f5i praktilist lahendust oma igap\u00e4evaste asjade kandmiseks, on \u201eYama\u201d ideaalne valik. K\u00f5rge kvaliteedi, meisterliku t\u00f6\u00f6tluse ja ajatu disaini kombinatsioon muudab selle k\u00e4sitsi valmistatud nahast rahakoti kindlasti muljetavaldavaks valikuks.<\/p>\n<p>KuI soovite rohkem teada taimparknahast ja selle \u00f5ige hooldamise kohta, kl\u00f5psake <a href=\"https:\/\/kivinahk.com\/et\/product-care\/\">siia<\/a> t\u00e4iendava info saamiseks.<\/p>\n<p>Omadused:<\/p>\n<p>-100% k\u00e4sit\u00f6\u00f6<\/p>\n<p>-Kvaliteetne taimparknahk Toskana, Itaalia p\u00e4ritoluga<\/p>\n<p>-6 kaarditaskut ning 1 tasku sularaha jaoks<\/p>\n<p>-M\u00f5\u00f5dud suletuna: 11 x 9 x 1cm<\/p>\n<p>-Disainitud ja valmistatud Eestis<\/p>\n<p>M\u00c4RKUS: Iga Kivinaha toode on ainulaadne, mis l\u00f5igatakse, \u00f5mmeldakse ja viimistletakse k\u00e4sitsi \u00fche ainukese k\u00e4sit\u00f6\u00f6lise poolt p\u00e4rast Teie tellimuse esitamist. KONTROLLIGE TARNEAEGU KODULEHELT.<\/p>\n<p>&nbsp;<\/p>\n<p>&nbsp;<\/p>","protected":false},"featured_media":3830,"comment_status":"closed","ping_status":"closed","template":"","meta":{"om_disable_all_campaigns":false,"_monsterinsights_skip_tracking":false,"_monsterinsights_sitenote_active":false,"_monsterinsights_sitenote_note":"","_monsterinsights_sitenote_category":0,"site-sidebar-layout":"no-sidebar","site-content-layout":"default","ast-site-content-layout":"default","site-content-style":"default","site-sidebar-style":"default","ast-global-header-display":"","ast-banner-title-visibility":"","ast-main-header-display":"","ast-hfb-above-header-display":"","ast-hfb-below-header-display":"","ast-hfb-mobile-header-display":"","site-post-title":"","ast-breadcrumbs-content":"","ast-featured-img":"","footer-sml-layout":"disabled","ast-disable-related-posts":"","theme-transparent-header-meta":"default","adv-header-id-meta":"","stick-header-meta":"","header-above-stick-meta":"","header-main-stick-meta":"","header-below-stick-meta":"","astra-migrate-meta-layouts":"set","ast-page-background-enabled":"default","ast-page-background-meta":{"desktop":{"background-color":"var(--ast-global-color-4)","background-image":"","background-repeat":"repeat","background-position":"center center","background-size":"auto","background-attachment":"scroll","background-type":"","background-media":"","overlay-type":"","overlay-color":"","overlay-opacity":"","overlay-gradient":""},"tablet":{"background-color":"","background-image":"","background-repeat":"repeat","background-position":"center center","background-size":"auto","background-attachment":"scroll","background-type":"","background-media":"","overlay-type":"","overlay-color":"","overlay-opacity":"","overlay-gradient":""},"mobile":{"background-color":"","background-image":"","background-repeat":"repeat","background-position":"center center","background-size":"auto","background-attachment":"scroll","background-type":"","background-media":"","overlay-type":"","overlay-color":"","overlay-opacity":"","overlay-gradient":""}},"ast-content-background-meta":{"desktop":{"background-color":"var(--ast-global-color-5)","background-image":"","background-repeat":"repeat","background-position":"center center","background-size":"auto","background-attachment":"scroll","background-type":"","background-media":"","overlay-type":"","overlay-color":"","overlay-opacity":"","overlay-gradient":""},"tablet":{"background-color":"var(--ast-global-color-5)","background-image":"","background-repeat":"repeat","background-position":"center center","background-size":"auto","background-attachment":"scroll","background-type":"","background-media":"","overlay-type":"","overlay-color":"","overlay-opacity":"","overlay-gradient":""},"mobile":{"background-color":"var(--ast-global-color-5)","background-image":"","background-repeat":"repeat","background-position":"center center","background-size":"auto","background-attachment":"scroll","background-type":"","background-media":"","overlay-type":"","overlay-color":"","overlay-opacity":"","overlay-gradient":""}}},"product_brand":[],"product_cat":[22],"product_tag":[],"class_list":{"0":"post-112","1":"product","2":"type-product","3":"status-publish","4":"has-post-thumbnail","6":"product_cat-bifold-wallets","7":"desktop-align-center","8":"tablet-align-left","9":"mobile-align-left","11":"first","12":"outofstock","13":"purchasable","14":"product-type-simple"},"aioseo_notices":[],"jetpack_sharing_enabled":true,"_links":{"self":[{"href":"https:\/\/kivinahk.com\/et\/wp-json\/wp\/v2\/product\/112","targetHints":{"allow":["GET"]}}],"collection":[{"href":"https:\/\/kivinahk.com\/et\/wp-json\/wp\/v2\/product"}],"about":[{"href":"https:\/\/kivinahk.com\/et\/wp-json\/wp\/v2\/types\/product"}],"replies":[{"embeddable":true,"href":"https:\/\/kivinahk.com\/et\/wp-json\/wp\/v2\/comments?post=112"}],"wp:featuredmedia":[{"embeddable":true,"href":"https:\/\/kivinahk.com\/et\/wp-json\/wp\/v2\/media\/3830"}],"wp:attachment":[{"href":"https:\/\/kivinahk.com\/et\/wp-json\/wp\/v2\/media?parent=112"}],"wp:term":[{"taxonomy":"product_brand","embeddable":true,"href":"https:\/\/kivinahk.com\/et\/wp-json\/wp\/v2\/product_brand?post=112"},{"taxonomy":"product_cat","embeddable":true,"href":"https:\/\/kivinahk.com\/et\/wp-json\/wp\/v2\/product_cat?post=112"},{"taxonomy":"product_tag","embeddable":true,"href":"https:\/\/kivinahk.com\/et\/wp-json\/wp\/v2\/product_tag?post=112"}],"curies":[{"name":"wp","href":"https:\/\/api.w.org\/{rel}","templated":true}]}}