{"id":2477,"date":"2023-01-21T17:56:57","date_gmt":"2023-01-21T14:56:57","guid":{"rendered":"https:\/\/kivinahk.com\/?post_type=product&#038;p=2477"},"modified":"2025-09-04T12:35:02","modified_gmt":"2025-09-04T09:35:02","slug":"almond-brown-leather-travel-kit","status":"publish","type":"product","link":"https:\/\/kivinahk.com\/et\/toode\/almond-brown-leather-travel-kit\/","title":{"rendered":"Renga \u2013 Mandlipruun Nahast Reisikott"},"content":{"rendered":"<p>Tutvustame meie k\u00e4sit\u00f6\u00f6na valmistatud nahast reisikotti Renga \u2013 stiilne ja praktiline aksessuaar, mis hoiab su hooldusvahendid korrastatult ja turvaliselt. See reisikott on valminud suure p\u00fchendumusega detailidele, tagades nii vastupidavuse kui ka funktsionaalsuse.<\/p>\n<p>Valmistatud k\u00f5rgekvaliteedilisest taimpargitud t\u00e4isnahast, on selle koti kauni mandlipruuni tooniga nahk ajas muutuv \u2013 iga kasutuskorraga ilmneb sellele rohkem iseloomu ja s\u00fcgavust. Kasutatav nahk on p\u00e4rit kvaliteetsetest parkit\u00f6\u00f6kodadest, kus kasutatakse keskkonnas\u00f5bralikke parkimismeetodeid ja tagatakse suurep\u00e4rane materjalikvaliteet.<\/p>\n<p>Avara sisemusega reisikott mahutab k\u00f5ik vajalikud hooldustarvikud \u2013 alates tualettvahenditest kuni raseerimistarvikuteni ja enamgi veel. Tugev t\u00f5mblukk tagab esemete turvalisuse ja lihtsa ligip\u00e4\u00e4su, samas kui nahast k\u00e4epide muudab koti kaasaskandmise mugavaks.<\/p>\n<p>Ideaalne reisidele v\u00f5i igap\u00e4evaseks kasutamiseks \u2013 see reisikott on t\u00e4iuslik kombinatsioon stiilist ja praktilisusest. Selle erakordne k\u00e4sit\u00f6\u00f6 ja kvaliteetsed materjalid muudavad selle usaldusv\u00e4\u00e4rseks kaaslaseks aastateks.<\/p>\n<p>Jaapanikeelne s\u00f5na \"renga\", mis t\u00e4hendab \"tellist\", viitab selle k\u00e4sit\u00f6\u00f6na valmistatud nahast reisikoti kandilisele ja kompaktsele kujule. Selle tugev ja vastupidav disain meenutab tellise struktuuri, tehes sellest ideaalse reisikaaslase, kuhu mahutada k\u00f5ik oma esmatarbekaubad.<\/p>\n<p>Kokkuv\u00f5ttes on meie k\u00e4sit\u00f6\u00f6na valmistatud mandlipruunist taimpargitud nahast reisikott praktiline ja stiilne aksessuaar, mis on loodud kestma. Kvaliteetsed materjalid ja detailit\u00e4pne teostus tagavad vastupidavuse, funktsionaalsuse ja elegantse v\u00e4limuse igaks olukorraks.<\/p>\n<p>KuI soovite rohkem teada taimparknahast ja selle \u00f5ige hooldamise kohta, kl\u00f5psake <a href=\"https:\/\/kivinahk.com\/et\/product-care\/\">siia<\/a> t\u00e4iendava info saamiseks.<\/p>\n<p>Omadused:<\/p>\n<p>-100% k\u00e4sit\u00f6\u00f6<\/p>\n<p>-Kvaliteetne taimparknahk Toskana, Itaalia p\u00e4ritoluga<\/p>\n<p>-Metallist t\u00f5mblukk ja nahast kelguripats<\/p>\n<p>-K\u00e4epide mugavaks kandmiseks<\/p>\n<p>-M\u00f5\u00f5dud (ligikaudselt): 20 x 12 x 11cm (pikkus x k\u00f5rgus x laius)<\/p>\n<p>-Disainitud ja valmistatud Eestis<\/p>","protected":false},"excerpt":{"rendered":"<p>Tutvustame meie k\u00e4sit\u00f6\u00f6na valmistatud nahast reisikotti Renga \u2013 stiilne ja praktiline aksessuaar, mis hoiab su hooldusvahendid korrastatult ja turvaliselt. See reisikott on valminud suure p\u00fchendumusega detailidele, tagades nii vastupidavuse kui ka funktsionaalsuse.<\/p>\n<p>Valmistatud k\u00f5rgekvaliteedilisest taimpargitud t\u00e4isnahast, on selle koti kauni mandlipruuni tooniga nahk ajas muutuv \u2013 iga kasutuskorraga ilmneb sellele rohkem iseloomu ja s\u00fcgavust. Kasutatav nahk on p\u00e4rit kvaliteetsetest parkit\u00f6\u00f6kodadest, kus kasutatakse keskkonnas\u00f5bralikke parkimismeetodeid ja tagatakse suurep\u00e4rane materjalikvaliteet.<\/p>\n<p>Avara sisemusega reisikott mahutab k\u00f5ik vajalikud hooldustarvikud \u2013 alates tualettvahenditest kuni raseerimistarvikuteni ja enamgi veel. Tugev t\u00f5mblukk tagab esemete turvalisuse ja lihtsa ligip\u00e4\u00e4su, samas kui nahast k\u00e4epide muudab koti kaasaskandmise mugavaks.<\/p>\n<p>Ideaalne reisidele v\u00f5i igap\u00e4evaseks kasutamiseks \u2013 see reisikott on t\u00e4iuslik kombinatsioon stiilist ja praktilisusest. Selle erakordne k\u00e4sit\u00f6\u00f6 ja kvaliteetsed materjalid muudavad selle usaldusv\u00e4\u00e4rseks kaaslaseks aastateks.<\/p>\n<p>Jaapanikeelne s\u00f5na \"renga\", mis t\u00e4hendab \"tellist\", viitab selle k\u00e4sit\u00f6\u00f6na valmistatud nahast reisikoti kandilisele ja kompaktsele kujule. Selle tugev ja vastupidav disain meenutab tellise struktuuri, tehes sellest ideaalse reisikaaslase, kuhu mahutada k\u00f5ik oma esmatarbekaubad.<\/p>\n<p>Kokkuv\u00f5ttes on meie k\u00e4sit\u00f6\u00f6na valmistatud mandlipruunist taimpargitud nahast reisikott praktiline ja stiilne aksessuaar, mis on loodud kestma. Kvaliteetsed materjalid ja detailit\u00e4pne teostus tagavad vastupidavuse, funktsionaalsuse ja elegantse v\u00e4limuse igaks olukorraks.<\/p>\n<p>KuI soovite rohkem teada taimparknahast ja selle \u00f5ige hooldamise kohta, kl\u00f5psake <a href=\"https:\/\/kivinahk.com\/et\/product-care\/\">siia<\/a> t\u00e4iendava info saamiseks.<\/p>\n<p>Omadused:<\/p>\n<p>-100% k\u00e4sit\u00f6\u00f6<\/p>\n<p>-Kvaliteetne taimparknahk Toskana, Itaalia p\u00e4ritoluga<\/p>\n<p>-Metallist t\u00f5mblukk ja nahast kelguripats<\/p>\n<p>-K\u00e4epide mugavaks kandmiseks<\/p>\n<p>-M\u00f5\u00f5dud (ligikaudselt): 20 x 12 x 11cm (pikkus x k\u00f5rgus x laius)<\/p>\n<p>-Disainitud ja valmistatud Eestis<\/p>","protected":false},"featured_media":3817,"comment_status":"open","ping_status":"closed","template":"","meta":{"om_disable_all_campaigns":false,"_monsterinsights_skip_tracking":false,"_monsterinsights_sitenote_active":false,"_monsterinsights_sitenote_note":"","_monsterinsights_sitenote_category":0,"site-sidebar-layout":"default","site-content-layout":"default","ast-site-content-layout":"default","site-content-style":"default","site-sidebar-style":"default","ast-global-header-display":"","ast-banner-title-visibility":"","ast-main-header-display":"","ast-hfb-above-header-display":"","ast-hfb-below-header-display":"","ast-hfb-mobile-header-display":"","site-post-title":"","ast-breadcrumbs-content":"","ast-featured-img":"","footer-sml-layout":"","ast-disable-related-posts":"","theme-transparent-header-meta":"default","adv-header-id-meta":"","stick-header-meta":"","header-above-stick-meta":"","header-main-stick-meta":"","header-below-stick-meta":"","astra-migrate-meta-layouts":"set","ast-page-background-enabled":"default","ast-page-background-meta":{"desktop":{"background-color":"var(--ast-global-color-4)","background-image":"","background-repeat":"repeat","background-position":"center center","background-size":"auto","background-attachment":"scroll","background-type":"","background-media":"","overlay-type":"","overlay-color":"","overlay-opacity":"","overlay-gradient":""},"tablet":{"background-color":"","background-image":"","background-repeat":"repeat","background-position":"center center","background-size":"auto","background-attachment":"scroll","background-type":"","background-media":"","overlay-type":"","overlay-color":"","overlay-opacity":"","overlay-gradient":""},"mobile":{"background-color":"","background-image":"","background-repeat":"repeat","background-position":"center center","background-size":"auto","background-attachment":"scroll","background-type":"","background-media":"","overlay-type":"","overlay-color":"","overlay-opacity":"","overlay-gradient":""}},"ast-content-background-meta":{"desktop":{"background-color":"var(--ast-global-color-5)","background-image":"","background-repeat":"repeat","background-position":"center center","background-size":"auto","background-attachment":"scroll","background-type":"","background-media":"","overlay-type":"","overlay-color":"","overlay-opacity":"","overlay-gradient":""},"tablet":{"background-color":"var(--ast-global-color-5)","background-image":"","background-repeat":"repeat","background-position":"center center","background-size":"auto","background-attachment":"scroll","background-type":"","background-media":"","overlay-type":"","overlay-color":"","overlay-opacity":"","overlay-gradient":""},"mobile":{"background-color":"var(--ast-global-color-5)","background-image":"","background-repeat":"repeat","background-position":"center center","background-size":"auto","background-attachment":"scroll","background-type":"","background-media":"","overlay-type":"","overlay-color":"","overlay-opacity":"","overlay-gradient":""}}},"product_brand":[],"product_cat":[39],"product_tag":[],"class_list":{"0":"post-2477","1":"product","2":"type-product","3":"status-publish","4":"has-post-thumbnail","6":"product_cat-bags","7":"desktop-align-center","8":"tablet-align-left","9":"mobile-align-left","11":"first","12":"instock","13":"sale","14":"purchasable","15":"product-type-simple"},"aioseo_notices":[],"jetpack_sharing_enabled":true,"_links":{"self":[{"href":"https:\/\/kivinahk.com\/et\/wp-json\/wp\/v2\/product\/2477","targetHints":{"allow":["GET"]}}],"collection":[{"href":"https:\/\/kivinahk.com\/et\/wp-json\/wp\/v2\/product"}],"about":[{"href":"https:\/\/kivinahk.com\/et\/wp-json\/wp\/v2\/types\/product"}],"replies":[{"embeddable":true,"href":"https:\/\/kivinahk.com\/et\/wp-json\/wp\/v2\/comments?post=2477"}],"wp:featuredmedia":[{"embeddable":true,"href":"https:\/\/kivinahk.com\/et\/wp-json\/wp\/v2\/media\/3817"}],"wp:attachment":[{"href":"https:\/\/kivinahk.com\/et\/wp-json\/wp\/v2\/media?parent=2477"}],"wp:term":[{"taxonomy":"product_brand","embeddable":true,"href":"https:\/\/kivinahk.com\/et\/wp-json\/wp\/v2\/product_brand?post=2477"},{"taxonomy":"product_cat","embeddable":true,"href":"https:\/\/kivinahk.com\/et\/wp-json\/wp\/v2\/product_cat?post=2477"},{"taxonomy":"product_tag","embeddable":true,"href":"https:\/\/kivinahk.com\/et\/wp-json\/wp\/v2\/product_tag?post=2477"}],"curies":[{"name":"wp","href":"https:\/\/api.w.org\/{rel}","templated":true}]}}