{"id":2717,"date":"2023-03-01T20:03:45","date_gmt":"2023-03-01T17:03:45","guid":{"rendered":"https:\/\/kivinahk.com\/?post_type=product&#038;p=2717"},"modified":"2025-09-04T12:33:18","modified_gmt":"2025-09-04T09:33:18","slug":"oka-black-almond-leather-card-wallet","status":"publish","type":"product","link":"https:\/\/kivinahk.com\/et\/toode\/oka-black-almond-leather-card-wallet\/","title":{"rendered":"Oka \u2013 Must &amp; Mandlipruun Nahast Kaarditasku"},"content":{"rendered":"<p>Tutvustame meie k\u00e4sitsi valmistatud nahast kaardikotti \u201eOka\u201c, mis on stiilses musta ja mandlipruuni v\u00e4rvikombinatsioonis, ideaalne neile, kes hindavad lihtsust ja elegantsi. Valmistatud \u00e4\u00e4rmise hoolikuse ja detailit\u00e4psusega, on see rahakott loodud kestma ning taimpargitud nahk aegub kaunilt aastate jooksul.<\/p>\n<p>Disainitud hoidma 7-10 kaarti ja veidi volditud raha, on see rahakott ideaalne neile, kes eelistavad hoida oma igap\u00e4evaseid asju k\u00e4eulatuses. Sisetaskul on suletav klapp, mis tagab teie asjade turvalisuse, samas kui v\u00e4limine tasku pakub lihtsat ligip\u00e4\u00e4su \u00fchele kaardile.<\/p>\n<p>Meie tooted on valmistatud ainult k\u00f5rgeima kvaliteediga materjalidest ja see rahakott ei ole erand. Kasutame oma naha hankimisel usaldusv\u00e4\u00e4rseid nahat\u00f6\u00f6tlemisettev\u00f5tteid Toskana piirkonnast, Itaaliast, mis on maailmakuulus oma tipptasemel taimparknahkade valmistamise poolest. Sellel nahal on kasutatud keskkonnas\u00f5bralikku taimparkimisprotsessi, mis tagab naha vastupidavuse ja ilu.<\/p>\n<p>Jaapani s\u00f5na \u201eoka\u201c t\u00e4hendab \u201eseljak\u00f5rgendikku\u201c v\u00f5i \u201eharja\u201c ning see v\u00e4ljendab keerulisi ja t\u00e4pseid jooni, mis jooksevad m\u00f6\u00f6da k\u00e4sitsi valmistatud nahast kaardikoti pinda. Selle nime kasutamine toob esile detailit\u00e4psuse ja ainulaadse k\u00e4sit\u00f6\u00f6, mis on sisestatud igasse rahakotti, luues eristuva ja elegantse aksessuaari, mis paistab teiste seast silma.<\/p>\n<p>Kokkuv\u00f5ttes on meie k\u00e4sitsi valmistatud nahast kaardikott stiilne ja funktsionaalne aksessuaar, mis sobib igap\u00e4evaseks kasutamiseks. See on valmistatud kvaliteetsetest materjalidest ja detailit\u00e4psusega, tagades, et see on usaldusv\u00e4\u00e4rne kaaslane aastateks.<\/p>\n<p>KuI soovite rohkem teada taimparknahast ja selle \u00f5ige hooldamise kohta, kl\u00f5psake <a href=\"https:\/\/kivinahk.com\/et\/product-care\/\">siia<\/a> t\u00e4iendava info saamiseks.<\/p>\n<p>Omadused:<\/p>\n<p>-100% k\u00e4sit\u00f6\u00f6<\/p>\n<p>-Kvaliteetne taimparknahk Toskana, Itaalia p\u00e4ritoluga<\/p>\n<p>-M\u00f5\u00f5dud suletuna: 11,5 x 7,5 x 0,5cm<\/p>\n<p>-Mahutab 7-10 kaarti<\/p>\n<p>-Disainitud ja valmistatud Eestis<\/p>\n<p>M\u00c4RKUS: Iga Kivinaha toode on ainulaadne, mis l\u00f5igatakse, \u00f5mmeldakse ja viimistletakse k\u00e4sitsi \u00fche ainukese k\u00e4sit\u00f6\u00f6lise poolt p\u00e4rast Teie tellimuse esitamist. KONTROLLIGE TARNEAEGU KODULEHELT.<\/p>","protected":false},"excerpt":{"rendered":"<p>Tutvustame meie k\u00e4sitsi valmistatud nahast kaardikotti \u201eOka\u201c, mis on stiilses musta ja mandlipruuni v\u00e4rvikombinatsioonis, ideaalne neile, kes hindavad lihtsust ja elegantsi. Valmistatud \u00e4\u00e4rmise hoolikuse ja detailit\u00e4psusega, on see rahakott loodud kestma ning taimpargitud nahk aegub kaunilt aastate jooksul.<\/p>\n<p>Disainitud hoidma 7-10 kaarti ja veidi volditud raha, on see rahakott ideaalne neile, kes eelistavad hoida oma igap\u00e4evaseid asju k\u00e4eulatuses. Sisetaskul on suletav klapp, mis tagab teie asjade turvalisuse, samas kui v\u00e4limine tasku pakub lihtsat ligip\u00e4\u00e4su \u00fchele kaardile.<\/p>\n<p>Meie tooted on valmistatud ainult k\u00f5rgeima kvaliteediga materjalidest ja see rahakott ei ole erand. Kasutame oma naha hankimisel usaldusv\u00e4\u00e4rseid nahat\u00f6\u00f6tlemisettev\u00f5tteid Toskana piirkonnast, Itaaliast, mis on maailmakuulus oma tipptasemel taimparknahkade valmistamise poolest. Sellel nahal on kasutatud keskkonnas\u00f5bralikku taimparkimisprotsessi, mis tagab naha vastupidavuse ja ilu.<\/p>\n<p>Jaapani s\u00f5na \u201eoka\u201c t\u00e4hendab \u201eseljak\u00f5rgendikku\u201c v\u00f5i \u201eharja\u201c ning see v\u00e4ljendab keerulisi ja t\u00e4pseid jooni, mis jooksevad m\u00f6\u00f6da k\u00e4sitsi valmistatud nahast kaardikoti pinda. Selle nime kasutamine toob esile detailit\u00e4psuse ja ainulaadse k\u00e4sit\u00f6\u00f6, mis on sisestatud igasse rahakotti, luues eristuva ja elegantse aksessuaari, mis paistab teiste seast silma.<\/p>\n<p>Kokkuv\u00f5ttes on meie k\u00e4sitsi valmistatud nahast kaardikott stiilne ja funktsionaalne aksessuaar, mis sobib igap\u00e4evaseks kasutamiseks. See on valmistatud kvaliteetsetest materjalidest ja detailit\u00e4psusega, tagades, et see on usaldusv\u00e4\u00e4rne kaaslane aastateks.<\/p>\n<p>KuI soovite rohkem teada taimparknahast ja selle \u00f5ige hooldamise kohta, kl\u00f5psake <a href=\"https:\/\/kivinahk.com\/et\/product-care\/\">siia<\/a> t\u00e4iendava info saamiseks.<\/p>\n<p>Omadused:<\/p>\n<p>-100% k\u00e4sit\u00f6\u00f6<\/p>\n<p>-Kvaliteetne taimparknahk Toskana, Itaalia p\u00e4ritoluga<\/p>\n<p>-M\u00f5\u00f5dud suletuna: 11,5 x 7,5 x 0,5cm<\/p>\n<p>-Mahutab 7-10 kaarti<\/p>\n<p>-Disainitud ja valmistatud Eestis<\/p>\n<p>M\u00c4RKUS: Iga Kivinaha toode on ainulaadne, mis l\u00f5igatakse, \u00f5mmeldakse ja viimistletakse k\u00e4sitsi \u00fche ainukese k\u00e4sit\u00f6\u00f6lise poolt p\u00e4rast Teie tellimuse esitamist. KONTROLLIGE TARNEAEGU KODULEHELT.<\/p>","protected":false},"featured_media":3808,"comment_status":"open","ping_status":"closed","template":"","meta":{"om_disable_all_campaigns":false,"_monsterinsights_skip_tracking":false,"_monsterinsights_sitenote_active":false,"_monsterinsights_sitenote_note":"","_monsterinsights_sitenote_category":0,"site-sidebar-layout":"default","site-content-layout":"default","ast-site-content-layout":"default","site-content-style":"default","site-sidebar-style":"default","ast-global-header-display":"","ast-banner-title-visibility":"","ast-main-header-display":"","ast-hfb-above-header-display":"","ast-hfb-below-header-display":"","ast-hfb-mobile-header-display":"","site-post-title":"","ast-breadcrumbs-content":"","ast-featured-img":"","footer-sml-layout":"","ast-disable-related-posts":"","theme-transparent-header-meta":"default","adv-header-id-meta":"","stick-header-meta":"","header-above-stick-meta":"","header-main-stick-meta":"","header-below-stick-meta":"","astra-migrate-meta-layouts":"set","ast-page-background-enabled":"default","ast-page-background-meta":{"desktop":{"background-color":"var(--ast-global-color-4)","background-image":"","background-repeat":"repeat","background-position":"center center","background-size":"auto","background-attachment":"scroll","background-type":"","background-media":"","overlay-type":"","overlay-color":"","overlay-opacity":"","overlay-gradient":""},"tablet":{"background-color":"","background-image":"","background-repeat":"repeat","background-position":"center center","background-size":"auto","background-attachment":"scroll","background-type":"","background-media":"","overlay-type":"","overlay-color":"","overlay-opacity":"","overlay-gradient":""},"mobile":{"background-color":"","background-image":"","background-repeat":"repeat","background-position":"center center","background-size":"auto","background-attachment":"scroll","background-type":"","background-media":"","overlay-type":"","overlay-color":"","overlay-opacity":"","overlay-gradient":""}},"ast-content-background-meta":{"desktop":{"background-color":"var(--ast-global-color-5)","background-image":"","background-repeat":"repeat","background-position":"center center","background-size":"auto","background-attachment":"scroll","background-type":"","background-media":"","overlay-type":"","overlay-color":"","overlay-opacity":"","overlay-gradient":""},"tablet":{"background-color":"var(--ast-global-color-5)","background-image":"","background-repeat":"repeat","background-position":"center center","background-size":"auto","background-attachment":"scroll","background-type":"","background-media":"","overlay-type":"","overlay-color":"","overlay-opacity":"","overlay-gradient":""},"mobile":{"background-color":"var(--ast-global-color-5)","background-image":"","background-repeat":"repeat","background-position":"center center","background-size":"auto","background-attachment":"scroll","background-type":"","background-media":"","overlay-type":"","overlay-color":"","overlay-opacity":"","overlay-gradient":""}}},"product_brand":[],"product_cat":[27],"product_tag":[],"class_list":{"0":"post-2717","1":"product","2":"type-product","3":"status-publish","4":"has-post-thumbnail","6":"product_cat-card-wallets","7":"desktop-align-center","8":"tablet-align-left","9":"mobile-align-left","11":"first","12":"outofstock","13":"purchasable","14":"product-type-simple"},"aioseo_notices":[],"jetpack_sharing_enabled":true,"_links":{"self":[{"href":"https:\/\/kivinahk.com\/et\/wp-json\/wp\/v2\/product\/2717","targetHints":{"allow":["GET"]}}],"collection":[{"href":"https:\/\/kivinahk.com\/et\/wp-json\/wp\/v2\/product"}],"about":[{"href":"https:\/\/kivinahk.com\/et\/wp-json\/wp\/v2\/types\/product"}],"replies":[{"embeddable":true,"href":"https:\/\/kivinahk.com\/et\/wp-json\/wp\/v2\/comments?post=2717"}],"wp:featuredmedia":[{"embeddable":true,"href":"https:\/\/kivinahk.com\/et\/wp-json\/wp\/v2\/media\/3808"}],"wp:attachment":[{"href":"https:\/\/kivinahk.com\/et\/wp-json\/wp\/v2\/media?parent=2717"}],"wp:term":[{"taxonomy":"product_brand","embeddable":true,"href":"https:\/\/kivinahk.com\/et\/wp-json\/wp\/v2\/product_brand?post=2717"},{"taxonomy":"product_cat","embeddable":true,"href":"https:\/\/kivinahk.com\/et\/wp-json\/wp\/v2\/product_cat?post=2717"},{"taxonomy":"product_tag","embeddable":true,"href":"https:\/\/kivinahk.com\/et\/wp-json\/wp\/v2\/product_tag?post=2717"}],"curies":[{"name":"wp","href":"https:\/\/api.w.org\/{rel}","templated":true}]}}