{"id":3061,"date":"2023-09-03T07:14:05","date_gmt":"2023-09-03T04:14:05","guid":{"rendered":"https:\/\/kivinahk.com\/?post_type=product&#038;p=3061"},"modified":"2025-09-04T12:26:30","modified_gmt":"2025-09-04T09:26:30","slug":"black-almond-minimalist-leather-cardholder","status":"publish","type":"product","link":"https:\/\/kivinahk.com\/et\/toode\/black-almond-minimalist-leather-cardholder\/","title":{"rendered":"Kesseki \u2013 Must &amp; Mandlipruun Minimalistlik Nahast Kaarditasku"},"content":{"rendered":"<p>Tutvustame meie k\u00e4sitsi valmistatud nahast minimalistlikku kaarditaskut \u201eKesseki\u201c mustas ja mandlipruunis v\u00e4rvitoonis.<\/p>\n<p>T\u00f5stke oma igap\u00e4evased esemed uuele tasemele meie k\u00e4sitsi valmistatud nahast minimalistliku kaarditaskuga \u201eKesseki\u201c, mis on n\u00fc\u00fcd saadaval stiilses ja ajatus musta ja mandlipruuni v\u00e4rvikombinatsioonis. See praktiline ja stiilne aksessuaar tagab, et teie olulised kaardid on laitmatult korrastatud, samal ajal kiirgades rafineeritud elegantsi.<\/p>\n<p>T\u00e4helepanu detailidele:<br \/>\nMeie p\u00fchendumus erakordsele k\u00e4sit\u00f6\u00f6le paistab l\u00e4bi igast \u201eKesseki\u201c kaarditaskust. Iga tasku on hoolikalt k\u00e4sitsi valmistatud kvaliteetsest taimparknahast, mis on t\u00f5eline tunnustus nahat\u00f6\u00f6 kunstile. Meile on \u00e4\u00e4rmiselt oluline, et hangime oma naha usaldusv\u00e4\u00e4rsetelt nahat\u00f6\u00f6tlemisettev\u00f5tetelt, tagades keskkonnas\u00f5braliku parkimisprotsessi ja k\u00f5rge kvaliteedi.<\/p>\n<p>Ajatu Elegants Mustas ja Mandlipruunis:<br \/>\n\u201eKesseki\u201c kaarditasku musta ja mandlipruuni v\u00e4rvikombinatsioon viitab kestvale stiilile. See klassikaline kombinatsioon lisab igap\u00e4evasele aksessuaari kandmisele rafineeritust ja mitmek\u00fclgsust.<\/p>\n<p>Lihtsus ja Mugavus:<br \/>\nDisainitud lihtsuse ja funktsionaalsuse p\u00f5him\u00f5tetest l\u00e4htuvalt, sisaldab see minimalistlik kaarditasku kolme taskut, mis mahutavad mugavalt 5\u20136 kaarti. Olgu selleks krediitkaardid, ID-kaardid v\u00f5i visiitkaardid, iga tasku tagab turvalise ja vaevatu ligip\u00e4\u00e4su. Saledat profiili on lihtne panna taskusse v\u00f5i kotti, muutes selle t\u00e4iuslikuks aksessuaariks igaks p\u00e4evaks.<\/p>\n<p>Austus ajatu luksuse vastu:<br \/>\nNeile, kes hindavad tagasihoidlikku luksust, on \u201eKesseki\u201c kaarditasku t\u00e4iuslik tasakaal lihtsuse ja rafineerituse vahel. Selle t\u00e4iuslik k\u00e4sit\u00f6\u00f6 ja kvaliteedi tagab, et tegemist on usaldusv\u00e4\u00e4rse kaaslasega, mis kestab aastaid.<\/p>\n<p>\u201eKesseki\u201c Essents:<br \/>\nNimi \u201eKesseki\u201c on inspireeritud Jaapani m\u00f5istetest \u201eke\u201c (lihtne, puhas, kaunistamata) ja \u201eseki\u201c (kivi v\u00f5i kivi, mis on aja jooksul vormitud ja lihvitud). Nagu lihvitud kivi, kehastab meie \u201eKesseki\u201c kaarditasku kestvat ilu, harmooniat ja vastupidavust.<\/p>\n<p>Kokkuv\u00f5ttes on kaarditasku \u201eKesseki\u201c praktiline ja stiilne aksessuaar, mis on loodud kestma. Valmistatud kvaliteetsetest materjalidest ja erakordse detailit\u00e4psusega, tagab see vastupidavuse, funktsionaalsuse ja rafineeritud stiili igaks juhuks. T\u00e4iendage oma igap\u00e4evaseid esemeid \u201eKessekiga\u201c \u2013 ajatu elegantsi ja kestva v\u00f5lu s\u00fcmboliga.<\/p>\n<p>KuI soovite rohkem teada taimparknahast ja selle \u00f5ige hooldamise kohta, kl\u00f5psake <a href=\"https:\/\/kivinahk.com\/et\/product-care\/\">siia<\/a> t\u00e4iendava info saamiseks.<\/p>\n<p>Omadused:<\/p>\n<p>-100% k\u00e4sit\u00f6\u00f6<\/p>\n<p>-Kvaliteetne taimparknahk Toskana, Itaalia p\u00e4ritoluga<\/p>\n<p>-M\u00f5\u00f5dud: 7 x 9 x 0,5cm<\/p>\n<p>-Mahutab 5-6 kaarti<\/p>\n<p>-Disainitud ja valmistatud Eestis<\/p>\n<div class=\"woocommerce-product-details__short-description\">\n<p>M\u00c4RKUS: Iga Kivinaha toode on ainulaadne, mis l\u00f5igatakse, \u00f5mmeldakse ja viimistletakse k\u00e4sitsi \u00fche ainukese k\u00e4sit\u00f6\u00f6lise poolt p\u00e4rast Teie tellimuse esitamist. KONTROLLIGE TARNEAEGU KODULEHELT.<\/p>\n<\/div>","protected":false},"excerpt":{"rendered":"<p>Tutvustame meie k\u00e4sitsi valmistatud nahast minimalistlikku kaarditaskut \u201eKesseki\u201c mustas ja mandlipruunis v\u00e4rvitoonis.<\/p>\n<p>T\u00f5stke oma igap\u00e4evased esemed uuele tasemele meie k\u00e4sitsi valmistatud nahast minimalistliku kaarditaskuga \u201eKesseki\u201c, mis on n\u00fc\u00fcd saadaval stiilses ja ajatus musta ja mandlipruuni v\u00e4rvikombinatsioonis. See praktiline ja stiilne aksessuaar tagab, et teie olulised kaardid on laitmatult korrastatud, samal ajal kiirgades rafineeritud elegantsi.<\/p>\n<p>T\u00e4helepanu detailidele:<br \/>\nMeie p\u00fchendumus erakordsele k\u00e4sit\u00f6\u00f6le paistab l\u00e4bi igast \u201eKesseki\u201c kaarditaskust. Iga tasku on hoolikalt k\u00e4sitsi valmistatud kvaliteetsest taimparknahast, mis on t\u00f5eline tunnustus nahat\u00f6\u00f6 kunstile. Meile on \u00e4\u00e4rmiselt oluline, et hangime oma naha usaldusv\u00e4\u00e4rsetelt nahat\u00f6\u00f6tlemisettev\u00f5tetelt, tagades keskkonnas\u00f5braliku parkimisprotsessi ja k\u00f5rge kvaliteedi.<\/p>\n<p>Ajatu Elegants Mustas ja Mandlipruunis:<br \/>\n\u201eKesseki\u201c kaarditasku musta ja mandlipruuni v\u00e4rvikombinatsioon viitab kestvale stiilile. See klassikaline kombinatsioon lisab igap\u00e4evasele aksessuaari kandmisele rafineeritust ja mitmek\u00fclgsust.<\/p>\n<p>Lihtsus ja Mugavus:<br \/>\nDisainitud lihtsuse ja funktsionaalsuse p\u00f5him\u00f5tetest l\u00e4htuvalt, sisaldab see minimalistlik kaarditasku kolme taskut, mis mahutavad mugavalt 5\u20136 kaarti. Olgu selleks krediitkaardid, ID-kaardid v\u00f5i visiitkaardid, iga tasku tagab turvalise ja vaevatu ligip\u00e4\u00e4su. Saledat profiili on lihtne panna taskusse v\u00f5i kotti, muutes selle t\u00e4iuslikuks aksessuaariks igaks p\u00e4evaks.<\/p>\n<p>Austus ajatu luksuse vastu:<br \/>\nNeile, kes hindavad tagasihoidlikku luksust, on \u201eKesseki\u201c kaarditasku t\u00e4iuslik tasakaal lihtsuse ja rafineerituse vahel. Selle t\u00e4iuslik k\u00e4sit\u00f6\u00f6 ja kvaliteedi tagab, et tegemist on usaldusv\u00e4\u00e4rse kaaslasega, mis kestab aastaid.<\/p>\n<p>\u201eKesseki\u201c Essents:<br \/>\nNimi \u201eKesseki\u201c on inspireeritud Jaapani m\u00f5istetest \u201eke\u201c (lihtne, puhas, kaunistamata) ja \u201eseki\u201c (kivi v\u00f5i kivi, mis on aja jooksul vormitud ja lihvitud). Nagu lihvitud kivi, kehastab meie \u201eKesseki\u201c kaarditasku kestvat ilu, harmooniat ja vastupidavust.<\/p>\n<p>Kokkuv\u00f5ttes on kaarditasku \u201eKesseki\u201c praktiline ja stiilne aksessuaar, mis on loodud kestma. Valmistatud kvaliteetsetest materjalidest ja erakordse detailit\u00e4psusega, tagab see vastupidavuse, funktsionaalsuse ja rafineeritud stiili igaks juhuks. T\u00e4iendage oma igap\u00e4evaseid esemeid \u201eKessekiga\u201c \u2013 ajatu elegantsi ja kestva v\u00f5lu s\u00fcmboliga.<\/p>\n<p>KuI soovite rohkem teada taimparknahast ja selle \u00f5ige hooldamise kohta, kl\u00f5psake <a href=\"https:\/\/kivinahk.com\/et\/product-care\/\">siia<\/a> t\u00e4iendava info saamiseks.<\/p>\n<p>Omadused:<\/p>\n<p>-100% k\u00e4sit\u00f6\u00f6<\/p>\n<p>-Kvaliteetne taimparknahk Toskana, Itaalia p\u00e4ritoluga<\/p>\n<p>-M\u00f5\u00f5dud: 7 x 9 x 0,5cm<\/p>\n<p>-Mahutab 5-6 kaarti<\/p>\n<p>-Disainitud ja valmistatud Eestis<\/p>\n<div class=\"woocommerce-product-details__short-description\">\n<p>M\u00c4RKUS: Iga Kivinaha toode on ainulaadne, mis l\u00f5igatakse, \u00f5mmeldakse ja viimistletakse k\u00e4sitsi \u00fche ainukese k\u00e4sit\u00f6\u00f6lise poolt p\u00e4rast Teie tellimuse esitamist. KONTROLLIGE TARNEAEGU KODULEHELT.<\/p>\n<\/div>","protected":false},"featured_media":3813,"comment_status":"open","ping_status":"closed","template":"","meta":{"om_disable_all_campaigns":false,"_monsterinsights_skip_tracking":false,"_monsterinsights_sitenote_active":false,"_monsterinsights_sitenote_note":"","_monsterinsights_sitenote_category":0,"site-sidebar-layout":"default","site-content-layout":"","ast-site-content-layout":"default","site-content-style":"default","site-sidebar-style":"default","ast-global-header-display":"","ast-banner-title-visibility":"","ast-main-header-display":"","ast-hfb-above-header-display":"","ast-hfb-below-header-display":"","ast-hfb-mobile-header-display":"","site-post-title":"","ast-breadcrumbs-content":"","ast-featured-img":"","footer-sml-layout":"","ast-disable-related-posts":"","theme-transparent-header-meta":"default","adv-header-id-meta":"","stick-header-meta":"","header-above-stick-meta":"","header-main-stick-meta":"","header-below-stick-meta":"","astra-migrate-meta-layouts":"set","ast-page-background-enabled":"default","ast-page-background-meta":{"desktop":{"background-color":"var(--ast-global-color-4)","background-image":"","background-repeat":"repeat","background-position":"center center","background-size":"auto","background-attachment":"scroll","background-type":"","background-media":"","overlay-type":"","overlay-color":"","overlay-opacity":"","overlay-gradient":""},"tablet":{"background-color":"","background-image":"","background-repeat":"repeat","background-position":"center center","background-size":"auto","background-attachment":"scroll","background-type":"","background-media":"","overlay-type":"","overlay-color":"","overlay-opacity":"","overlay-gradient":""},"mobile":{"background-color":"","background-image":"","background-repeat":"repeat","background-position":"center center","background-size":"auto","background-attachment":"scroll","background-type":"","background-media":"","overlay-type":"","overlay-color":"","overlay-opacity":"","overlay-gradient":""}},"ast-content-background-meta":{"desktop":{"background-color":"var(--ast-global-color-5)","background-image":"","background-repeat":"repeat","background-position":"center center","background-size":"auto","background-attachment":"scroll","background-type":"","background-media":"","overlay-type":"","overlay-color":"","overlay-opacity":"","overlay-gradient":""},"tablet":{"background-color":"var(--ast-global-color-5)","background-image":"","background-repeat":"repeat","background-position":"center center","background-size":"auto","background-attachment":"scroll","background-type":"","background-media":"","overlay-type":"","overlay-color":"","overlay-opacity":"","overlay-gradient":""},"mobile":{"background-color":"var(--ast-global-color-5)","background-image":"","background-repeat":"repeat","background-position":"center center","background-size":"auto","background-attachment":"scroll","background-type":"","background-media":"","overlay-type":"","overlay-color":"","overlay-opacity":"","overlay-gradient":""}}},"product_brand":[],"product_cat":[26],"product_tag":[],"class_list":{"0":"post-3061","1":"product","2":"type-product","3":"status-publish","4":"has-post-thumbnail","6":"product_cat-cardholders","7":"desktop-align-center","8":"tablet-align-left","9":"mobile-align-left","11":"first","12":"outofstock","13":"purchasable","14":"product-type-simple"},"aioseo_notices":[],"jetpack_sharing_enabled":true,"_links":{"self":[{"href":"https:\/\/kivinahk.com\/et\/wp-json\/wp\/v2\/product\/3061","targetHints":{"allow":["GET"]}}],"collection":[{"href":"https:\/\/kivinahk.com\/et\/wp-json\/wp\/v2\/product"}],"about":[{"href":"https:\/\/kivinahk.com\/et\/wp-json\/wp\/v2\/types\/product"}],"replies":[{"embeddable":true,"href":"https:\/\/kivinahk.com\/et\/wp-json\/wp\/v2\/comments?post=3061"}],"wp:featuredmedia":[{"embeddable":true,"href":"https:\/\/kivinahk.com\/et\/wp-json\/wp\/v2\/media\/3813"}],"wp:attachment":[{"href":"https:\/\/kivinahk.com\/et\/wp-json\/wp\/v2\/media?parent=3061"}],"wp:term":[{"taxonomy":"product_brand","embeddable":true,"href":"https:\/\/kivinahk.com\/et\/wp-json\/wp\/v2\/product_brand?post=3061"},{"taxonomy":"product_cat","embeddable":true,"href":"https:\/\/kivinahk.com\/et\/wp-json\/wp\/v2\/product_cat?post=3061"},{"taxonomy":"product_tag","embeddable":true,"href":"https:\/\/kivinahk.com\/et\/wp-json\/wp\/v2\/product_tag?post=3061"}],"curies":[{"name":"wp","href":"https:\/\/api.w.org\/{rel}","templated":true}]}}