{"id":3587,"date":"2024-11-20T19:15:59","date_gmt":"2024-11-20T16:15:59","guid":{"rendered":"https:\/\/kivinahk.com\/?post_type=product&#038;p=3587"},"modified":"2025-12-10T16:30:53","modified_gmt":"2025-12-10T13:30:53","slug":"oka-black-yellow-leather-card-wallet","status":"publish","type":"product","link":"https:\/\/kivinahk.com\/et\/toode\/oka-black-yellow-leather-card-wallet\/","title":{"rendered":"Oka \u2013 Must &amp; Kollane Nahast Kaarditasku"},"content":{"rendered":"<p>Tutvustame k\u00e4sit\u00f6\u00f6na valminud nahast kaarditaskut \"Oka\", mis \u00fchendab julge musta ja s\u00e4rava kollase v\u00e4rvikombinatsiooni, pakkudes midagi erilist neile, kes armastavad ainulaadset ja silmapaistvat disaini. Selle rahakoti teeb eriliseks kvaliteetsest kollasest nahast valmistatud osa, millel on lasergraveeritud peen logomuster \u2013 see lisab aksessuaarile eksklusiivse ja kunstilise iseloomu. Iga detail on hoolikalt l\u00e4bi m\u00f5eldud, et tagada vastupidavus ja ajas k\u00fcpsev kaunis v\u00e4limus.<\/p>\n<p>Rahakott mahutab 7\u201310 kaarti ning m\u00f5ned volditud rahat\u00e4hed, pakkudes t\u00e4iuslikku tasakaalu stiili ja praktilisuse vahel. Sisemine tasku on varustatud turvalise suletava klapiga, et teie v\u00e4\u00e4rtuslikud esemed oleksid alati kindlalt kaitstud. V\u00e4limisel k\u00fcljel olev lisatasku v\u00f5imaldab kiiret ja mugavat ligip\u00e4\u00e4su sageli kasutatavatele kaartidele.<\/p>\n<p>Kasutame oma toodetes ainult parimaid materjale, ja see kaarditasku pole erand. Nahk p\u00e4rineb Toscana piirkonna hinnatud parkimisettev\u00f5tetest Itaalias, kus valmistatakse mainekat taimpargitud nahka. See keskkonnas\u00f5bralik parkimisprotsess tagab, et nahk on nii kaunilt viimistletud kui ka erakordselt vastupidav.<\/p>\n<p>Jaapani keelest t\u00f5lgituna t\u00e4hendab \"Oka\" harja v\u00f5i k\u00f5rgendikku, s\u00fcmboliseerides rahakoti t\u00e4pselt vormitud ja kaunilt reljeefset disaini. Iga rahakott on t\u00f5eline meistriteos, kus esteetika ja praktilisus saavad harmooniliselt kokku, luues ainulaadse aksessuaari, mis paistab silma nii disaini kui ka kvaliteedi poolest.<\/p>\n<p>Kokkuv\u00f5tteks on meie nahast kaarditasku stiilne ja usaldusv\u00e4\u00e4rne aksessuaar, mis sobib ideaalselt igap\u00e4evaseks kasutamiseks. See on loodud kestma aastaid, pakkudes parimat tasakaalu julge disaini ja kvaliteediga k\u00e4sit\u00f6\u00f6 vahel.<\/p>\n<p>KuI soovite rohkem teada taimparknahast ja selle \u00f5ige hooldamise kohta, kl\u00f5psake <a href=\"https:\/\/kivinahk.com\/et\/product-care\/\">siia<\/a> t\u00e4iendava info saamiseks.<\/p>\n<p>Omadused:<\/p>\n<p>-100% k\u00e4sit\u00f6\u00f6<\/p>\n<p>-Kvaliteetne taimparknahk Toskana, Itaalia p\u00e4ritoluga<\/p>\n<p>-M\u00f5\u00f5dud suletuna: 11,5 x 7,5 x 0,5cm<\/p>\n<p>-Mahutab 7-10 kaarti<\/p>\n<p>-Disainitud ja valmistatud Eestis<\/p>\n<p>M\u00c4RKUS: Iga Kivinaha toode on ainulaadne, mis l\u00f5igatakse, \u00f5mmeldakse ja viimistletakse k\u00e4sitsi \u00fche ainukese k\u00e4sit\u00f6\u00f6lise poolt p\u00e4rast Teie tellimuse esitamist. KONTROLLIGE TARNEAEGU KODULEHELT.<\/p>","protected":false},"excerpt":{"rendered":"<p>Tutvustame k\u00e4sit\u00f6\u00f6na valminud nahast kaarditaskut \"Oka\", mis \u00fchendab julge musta ja s\u00e4rava kollase v\u00e4rvikombinatsiooni, pakkudes midagi erilist neile, kes armastavad ainulaadset ja silmapaistvat disaini. Selle rahakoti teeb eriliseks kvaliteetsest kollasest nahast valmistatud osa, millel on lasergraveeritud peen logomuster \u2013 see lisab aksessuaarile eksklusiivse ja kunstilise iseloomu. Iga detail on hoolikalt l\u00e4bi m\u00f5eldud, et tagada vastupidavus ja ajas k\u00fcpsev kaunis v\u00e4limus.<\/p>\n<p>Rahakott mahutab 7\u201310 kaarti ning m\u00f5ned volditud rahat\u00e4hed, pakkudes t\u00e4iuslikku tasakaalu stiili ja praktilisuse vahel. Sisemine tasku on varustatud turvalise suletava klapiga, et teie v\u00e4\u00e4rtuslikud esemed oleksid alati kindlalt kaitstud. V\u00e4limisel k\u00fcljel olev lisatasku v\u00f5imaldab kiiret ja mugavat ligip\u00e4\u00e4su sageli kasutatavatele kaartidele.<\/p>\n<p>Kasutame oma toodetes ainult parimaid materjale, ja see kaarditasku pole erand. Nahk p\u00e4rineb Toscana piirkonna hinnatud parkimisettev\u00f5tetest Itaalias, kus valmistatakse mainekat taimpargitud nahka. See keskkonnas\u00f5bralik parkimisprotsess tagab, et nahk on nii kaunilt viimistletud kui ka erakordselt vastupidav.<\/p>\n<p>Jaapani keelest t\u00f5lgituna t\u00e4hendab \"Oka\" harja v\u00f5i k\u00f5rgendikku, s\u00fcmboliseerides rahakoti t\u00e4pselt vormitud ja kaunilt reljeefset disaini. Iga rahakott on t\u00f5eline meistriteos, kus esteetika ja praktilisus saavad harmooniliselt kokku, luues ainulaadse aksessuaari, mis paistab silma nii disaini kui ka kvaliteedi poolest.<\/p>\n<p>Kokkuv\u00f5tteks on meie nahast kaarditasku stiilne ja usaldusv\u00e4\u00e4rne aksessuaar, mis sobib ideaalselt igap\u00e4evaseks kasutamiseks. See on loodud kestma aastaid, pakkudes parimat tasakaalu julge disaini ja kvaliteediga k\u00e4sit\u00f6\u00f6 vahel.<\/p>\n<p>KuI soovite rohkem teada taimparknahast ja selle \u00f5ige hooldamise kohta, kl\u00f5psake <a href=\"https:\/\/kivinahk.com\/et\/product-care\/\">siia<\/a> t\u00e4iendava info saamiseks.<\/p>\n<p>Omadused:<\/p>\n<p>-100% k\u00e4sit\u00f6\u00f6<\/p>\n<p>-Kvaliteetne taimparknahk Toskana, Itaalia p\u00e4ritoluga<\/p>\n<p>-M\u00f5\u00f5dud suletuna: 11,5 x 7,5 x 0,5cm<\/p>\n<p>-Mahutab 7-10 kaarti<\/p>\n<p>-Disainitud ja valmistatud Eestis<\/p>\n<p>M\u00c4RKUS: Iga Kivinaha toode on ainulaadne, mis l\u00f5igatakse, \u00f5mmeldakse ja viimistletakse k\u00e4sitsi \u00fche ainukese k\u00e4sit\u00f6\u00f6lise poolt p\u00e4rast Teie tellimuse esitamist. KONTROLLIGE TARNEAEGU KODULEHELT.<\/p>","protected":false},"featured_media":3818,"comment_status":"open","ping_status":"closed","template":"","meta":{"om_disable_all_campaigns":false,"_monsterinsights_skip_tracking":false,"_monsterinsights_sitenote_active":false,"_monsterinsights_sitenote_note":"","_monsterinsights_sitenote_category":0,"site-sidebar-layout":"default","site-content-layout":"","ast-site-content-layout":"default","site-content-style":"default","site-sidebar-style":"default","ast-global-header-display":"","ast-banner-title-visibility":"","ast-main-header-display":"","ast-hfb-above-header-display":"","ast-hfb-below-header-display":"","ast-hfb-mobile-header-display":"","site-post-title":"","ast-breadcrumbs-content":"","ast-featured-img":"","footer-sml-layout":"","ast-disable-related-posts":"","theme-transparent-header-meta":"default","adv-header-id-meta":"","stick-header-meta":"","header-above-stick-meta":"","header-main-stick-meta":"","header-below-stick-meta":"","astra-migrate-meta-layouts":"set","ast-page-background-enabled":"default","ast-page-background-meta":{"desktop":{"background-color":"var(--ast-global-color-4)","background-image":"","background-repeat":"repeat","background-position":"center center","background-size":"auto","background-attachment":"scroll","background-type":"","background-media":"","overlay-type":"","overlay-color":"","overlay-opacity":"","overlay-gradient":""},"tablet":{"background-color":"","background-image":"","background-repeat":"repeat","background-position":"center center","background-size":"auto","background-attachment":"scroll","background-type":"","background-media":"","overlay-type":"","overlay-color":"","overlay-opacity":"","overlay-gradient":""},"mobile":{"background-color":"","background-image":"","background-repeat":"repeat","background-position":"center center","background-size":"auto","background-attachment":"scroll","background-type":"","background-media":"","overlay-type":"","overlay-color":"","overlay-opacity":"","overlay-gradient":""}},"ast-content-background-meta":{"desktop":{"background-color":"var(--ast-global-color-5)","background-image":"","background-repeat":"repeat","background-position":"center center","background-size":"auto","background-attachment":"scroll","background-type":"","background-media":"","overlay-type":"","overlay-color":"","overlay-opacity":"","overlay-gradient":""},"tablet":{"background-color":"var(--ast-global-color-5)","background-image":"","background-repeat":"repeat","background-position":"center center","background-size":"auto","background-attachment":"scroll","background-type":"","background-media":"","overlay-type":"","overlay-color":"","overlay-opacity":"","overlay-gradient":""},"mobile":{"background-color":"var(--ast-global-color-5)","background-image":"","background-repeat":"repeat","background-position":"center center","background-size":"auto","background-attachment":"scroll","background-type":"","background-media":"","overlay-type":"","overlay-color":"","overlay-opacity":"","overlay-gradient":""}}},"product_brand":[],"product_cat":[27],"product_tag":[],"class_list":{"0":"post-3587","1":"product","2":"type-product","3":"status-publish","4":"has-post-thumbnail","6":"product_cat-card-wallets","7":"desktop-align-center","8":"tablet-align-left","9":"mobile-align-left","11":"first","12":"outofstock","13":"sale","14":"purchasable","15":"product-type-simple"},"aioseo_notices":[],"jetpack_sharing_enabled":true,"_links":{"self":[{"href":"https:\/\/kivinahk.com\/et\/wp-json\/wp\/v2\/product\/3587","targetHints":{"allow":["GET"]}}],"collection":[{"href":"https:\/\/kivinahk.com\/et\/wp-json\/wp\/v2\/product"}],"about":[{"href":"https:\/\/kivinahk.com\/et\/wp-json\/wp\/v2\/types\/product"}],"replies":[{"embeddable":true,"href":"https:\/\/kivinahk.com\/et\/wp-json\/wp\/v2\/comments?post=3587"}],"wp:featuredmedia":[{"embeddable":true,"href":"https:\/\/kivinahk.com\/et\/wp-json\/wp\/v2\/media\/3818"}],"wp:attachment":[{"href":"https:\/\/kivinahk.com\/et\/wp-json\/wp\/v2\/media?parent=3587"}],"wp:term":[{"taxonomy":"product_brand","embeddable":true,"href":"https:\/\/kivinahk.com\/et\/wp-json\/wp\/v2\/product_brand?post=3587"},{"taxonomy":"product_cat","embeddable":true,"href":"https:\/\/kivinahk.com\/et\/wp-json\/wp\/v2\/product_cat?post=3587"},{"taxonomy":"product_tag","embeddable":true,"href":"https:\/\/kivinahk.com\/et\/wp-json\/wp\/v2\/product_tag?post=3587"}],"curies":[{"name":"wp","href":"https:\/\/api.w.org\/{rel}","templated":true}]}}