{"id":3725,"date":"2025-08-25T12:45:32","date_gmt":"2025-08-25T09:45:32","guid":{"rendered":"https:\/\/kivinahk.com\/?post_type=product&#038;p=3725"},"modified":"2025-09-04T09:04:26","modified_gmt":"2025-09-04T06:04:26","slug":"leather-coaster-cognac-brown","status":"publish","type":"product","link":"https:\/\/kivinahk.com\/et\/toode\/leather-coaster-cognac-brown\/","title":{"rendered":"Nahast Klaasialus - Konjakipruun"},"content":{"rendered":"<p>Too oma lauale ajatu stiil k\u00e4sitsi valmistatud t\u00e4isnahast tassialustega. Need tugevast, 4 mm paksusest taimpargitud nahast l\u00f5igatud alusmatid on valmistatud samast materjalist, mida kasutatakse k\u00f5rgekvaliteediliste nahkv\u00f6\u00f6de valmistamisel. Soe konjakipruun toon muutub ajapikku veelgi kaunimaks, omandades iseloomuliku patina, mis teeb iga alusmati ainulaadseks. Lihtne, maitsekas ja loodud kestma aastaid.<strong data-start=\"173\" data-end=\"299\">.<\/strong> Cut from the same 4mm thick hide used in fine leather belts, each coaster offers a perfect balance of durability and elegance. The warm cognac brown color will develop a rich patina over time, making every leather coaster truly one of a kind. Simple, refined, and built to last.<\/p>\n<p><strong>Hind kehtib \u00fche klaasialuse kohta.<\/strong><\/p>\n<p>Omadused:<\/p>\n<p>-100% k\u00e4sit\u00f6\u00f6<\/p>\n<p>-4mm paksusega kvaliteetne taimpargitud nahk Toscanast, Itaaliast<\/p>\n<p>-M\u00f5\u00f5dud: 10 x 10cm<\/p>\n<p>-Disainitud ja valmistatud Eestis<\/p>\n<p>M\u00c4RKUS: Iga Kivinaha toode on ainulaadne, mis l\u00f5igatakse, \u00f5mmeldakse ja viimistletakse k\u00e4sitsi \u00fche ainukese k\u00e4sit\u00f6\u00f6lise poolt p\u00e4rast Teie tellimuse esitamist. KONTROLLIGE TARNEAEGU KODULEHELT.<\/p>","protected":false},"excerpt":{"rendered":"<p>Too oma lauale ajatu stiil k\u00e4sitsi valmistatud t\u00e4isnahast tassialustega. Need tugevast, 4 mm paksusest taimpargitud nahast l\u00f5igatud alusmatid on valmistatud samast materjalist, mida kasutatakse k\u00f5rgekvaliteediliste nahkv\u00f6\u00f6de valmistamisel. Soe konjakipruun toon muutub ajapikku veelgi kaunimaks, omandades iseloomuliku patina, mis teeb iga alusmati ainulaadseks. Lihtne, maitsekas ja loodud kestma aastaid.<strong data-start=\"173\" data-end=\"299\">.<\/strong> Cut from the same 4mm thick hide used in fine leather belts, each coaster offers a perfect balance of durability and elegance. The warm cognac brown color will develop a rich patina over time, making every leather coaster truly one of a kind. Simple, refined, and built to last.<\/p>\n<p><strong>Hind kehtib \u00fche klaasialuse kohta.<\/strong><\/p>\n<p>Omadused:<\/p>\n<p>-100% k\u00e4sit\u00f6\u00f6<\/p>\n<p>-4mm paksusega kvaliteetne taimpargitud nahk Toscanast, Itaaliast<\/p>\n<p>-M\u00f5\u00f5dud: 10 x 10cm<\/p>\n<p>-Disainitud ja valmistatud Eestis<\/p>\n<p>M\u00c4RKUS: Iga Kivinaha toode on ainulaadne, mis l\u00f5igatakse, \u00f5mmeldakse ja viimistletakse k\u00e4sitsi \u00fche ainukese k\u00e4sit\u00f6\u00f6lise poolt p\u00e4rast Teie tellimuse esitamist. KONTROLLIGE TARNEAEGU KODULEHELT.<\/p>","protected":false},"featured_media":3815,"comment_status":"open","ping_status":"closed","template":"","meta":{"om_disable_all_campaigns":false,"_monsterinsights_skip_tracking":false,"_monsterinsights_sitenote_active":false,"_monsterinsights_sitenote_note":"","_monsterinsights_sitenote_category":0,"site-sidebar-layout":"default","site-content-layout":"","ast-site-content-layout":"default","site-content-style":"default","site-sidebar-style":"default","ast-global-header-display":"","ast-banner-title-visibility":"","ast-main-header-display":"","ast-hfb-above-header-display":"","ast-hfb-below-header-display":"","ast-hfb-mobile-header-display":"","site-post-title":"","ast-breadcrumbs-content":"","ast-featured-img":"","footer-sml-layout":"","ast-disable-related-posts":"","theme-transparent-header-meta":"default","adv-header-id-meta":"","stick-header-meta":"","header-above-stick-meta":"","header-main-stick-meta":"","header-below-stick-meta":"","astra-migrate-meta-layouts":"set","ast-page-background-enabled":"default","ast-page-background-meta":{"desktop":{"background-color":"var(--ast-global-color-4)","background-image":"","background-repeat":"repeat","background-position":"center center","background-size":"auto","background-attachment":"scroll","background-type":"","background-media":"","overlay-type":"","overlay-color":"","overlay-opacity":"","overlay-gradient":""},"tablet":{"background-color":"","background-image":"","background-repeat":"repeat","background-position":"center center","background-size":"auto","background-attachment":"scroll","background-type":"","background-media":"","overlay-type":"","overlay-color":"","overlay-opacity":"","overlay-gradient":""},"mobile":{"background-color":"","background-image":"","background-repeat":"repeat","background-position":"center center","background-size":"auto","background-attachment":"scroll","background-type":"","background-media":"","overlay-type":"","overlay-color":"","overlay-opacity":"","overlay-gradient":""}},"ast-content-background-meta":{"desktop":{"background-color":"var(--ast-global-color-5)","background-image":"","background-repeat":"repeat","background-position":"center center","background-size":"auto","background-attachment":"scroll","background-type":"","background-media":"","overlay-type":"","overlay-color":"","overlay-opacity":"","overlay-gradient":""},"tablet":{"background-color":"var(--ast-global-color-5)","background-image":"","background-repeat":"repeat","background-position":"center center","background-size":"auto","background-attachment":"scroll","background-type":"","background-media":"","overlay-type":"","overlay-color":"","overlay-opacity":"","overlay-gradient":""},"mobile":{"background-color":"var(--ast-global-color-5)","background-image":"","background-repeat":"repeat","background-position":"center center","background-size":"auto","background-attachment":"scroll","background-type":"","background-media":"","overlay-type":"","overlay-color":"","overlay-opacity":"","overlay-gradient":""}}},"product_brand":[],"product_cat":[40],"product_tag":[],"class_list":{"0":"post-3725","1":"product","2":"type-product","3":"status-publish","4":"has-post-thumbnail","6":"product_cat-misc","7":"desktop-align-center","8":"tablet-align-left","9":"mobile-align-left","11":"first","12":"instock","13":"taxable","14":"shipping-taxable","15":"purchasable","16":"product-type-simple"},"aioseo_notices":[],"jetpack_sharing_enabled":true,"_links":{"self":[{"href":"https:\/\/kivinahk.com\/et\/wp-json\/wp\/v2\/product\/3725","targetHints":{"allow":["GET"]}}],"collection":[{"href":"https:\/\/kivinahk.com\/et\/wp-json\/wp\/v2\/product"}],"about":[{"href":"https:\/\/kivinahk.com\/et\/wp-json\/wp\/v2\/types\/product"}],"replies":[{"embeddable":true,"href":"https:\/\/kivinahk.com\/et\/wp-json\/wp\/v2\/comments?post=3725"}],"wp:featuredmedia":[{"embeddable":true,"href":"https:\/\/kivinahk.com\/et\/wp-json\/wp\/v2\/media\/3815"}],"wp:attachment":[{"href":"https:\/\/kivinahk.com\/et\/wp-json\/wp\/v2\/media?parent=3725"}],"wp:term":[{"taxonomy":"product_brand","embeddable":true,"href":"https:\/\/kivinahk.com\/et\/wp-json\/wp\/v2\/product_brand?post=3725"},{"taxonomy":"product_cat","embeddable":true,"href":"https:\/\/kivinahk.com\/et\/wp-json\/wp\/v2\/product_cat?post=3725"},{"taxonomy":"product_tag","embeddable":true,"href":"https:\/\/kivinahk.com\/et\/wp-json\/wp\/v2\/product_tag?post=3725"}],"curies":[{"name":"wp","href":"https:\/\/api.w.org\/{rel}","templated":true}]}}