{"id":494,"date":"2022-09-27T12:48:23","date_gmt":"2022-09-27T09:48:23","guid":{"rendered":"https:\/\/kivinahk.com\/?post_type=product&#038;p=494"},"modified":"2025-09-04T12:40:28","modified_gmt":"2025-09-04T09:40:28","slug":"koishi-green-leather-coin-pouch","status":"publish","type":"product","link":"https:\/\/kivinahk.com\/et\/toode\/koishi-green-leather-coin-pouch\/","title":{"rendered":"Koishi \u2013 Roheline Nahast M\u00fcnditasku"},"content":{"rendered":"<p>Tutvustame meie k\u00e4sitsi valmistatud minimalistlikku nahast m\u00fcndikotti \u201eKoishi\u201c, stiilset ja praktilist aksessuaari, mis on loodud hoidmaks teie m\u00fcndid korrastatuna kompaktse ja elegantse disainiga. See m\u00fcndikott on valmistatud suure detailit\u00e4psusega, tagades nii vastupidavuse kui ka funktsionaalsuse.<\/p>\n<p>Valmistatud kvaliteetsest taimparknahast, on see m\u00fcndikott kauni rohelise v\u00e4rviga, mis lisab aksessuaarile elegantsi. Kasutatud nahk p\u00e4rineb k\u00f5rge kvaliteediga nahat\u00f6\u00f6tlemisettev\u00f5tetelt, tagades keskkonnas\u00f5braliku parkimisprotsessi ja tipptasemel materjali.<\/p>\n<p>Lihtsuse ja mugavuse tagamiseks on see minimalistlik m\u00fcndikott varustatud \u00fche messingist trukiga, mis hoiab teie m\u00fcndid turvaliselt paigas ja kergesti ligip\u00e4\u00e4setavad. \u00dcmmargune disain lisab aksessuaarile ainulaadse ja kaasaegse n\u00fcansi, muutes selle eriliseks v\u00f5rreldes traditsiooniliste m\u00fcndikottidega.<\/p>\n<p>See m\u00fcndikott on ideaalne aksessuaar neile, kes hindavad minimalistlikku ja funktsionaalset stiili. Selle erakordne k\u00e4sit\u00f6\u00f6 ja kvaliteetsed materjalid muudavad selle usaldusv\u00e4\u00e4rseks aksessuaariks, mis teenib teid aastaid.<\/p>\n<p>Jaapani s\u00f5na \u201ekoishi\u201c t\u00e4hendab \u201ekivikest\u201c v\u00f5i \u201ev\u00e4ikest kivi\u201c. Minimalistliku nahast m\u00fcndikoti tootenimi \u201eKoishi\u201c v\u00e4ljendab lihtsuse ja minimalismi ideed. Selle nime kasutamine viitab toote loomisele looduslike kivide ilust, eesm\u00e4rgiga tabada lihtsuse ja funktsionaalsuse olemust disainis. Lisaks toob see esile looduse ja maapinnalikkuse tunnetuse, samuti vastupidavuse ja pikaealisuse, omadused, mida seostatakse kividega.<\/p>\n<p>Kokkuv\u00f5ttes on meie k\u00e4sitsi valmistatud minimalistlik nahast m\u00fcndikott rohelises v\u00e4rvitoonis praktiline ja stiilne aksessuaar, mis on loodud kestma. See on valmistatud kvaliteetsetest materjalidest ja detailit\u00e4psusega, tagades vastupidavuse, funktsionaalsuse ja kaasaegse stiili igaks olukorraks. T\u00e4iuslik aksessuaar neile, kes soovivad lisada oma igap\u00e4evasesse v\u00e4limusse rafineeritust ja lihtsust.<\/p>\n<p>KuI soovite rohkem teada taimparknahast ja selle \u00f5ige hooldamise kohta, kl\u00f5psake <a href=\"https:\/\/kivinahk.com\/et\/product-care\/\">siia<\/a> t\u00e4iendava info saamiseks.<\/p>\n<p>Omadused:<\/p>\n<p>-100% k\u00e4sit\u00f6\u00f6<\/p>\n<p>-Kvaliteetne taimparknahk Toskana, Itaalia p\u00e4ritoluga<\/p>\n<p>-Messingist trukk<\/p>\n<p>-M\u00f5\u00f5dud suletuna: 10 x 7 x 0,5cm<\/p>\n<p>-Hoiab \u00fcllatavalt palju m\u00fcnte<\/p>\n<p>-Disainitud ja valmistatud Eestis<\/p>\n<p>M\u00c4RKUS: Iga Kivinaha toode on ainulaadne, mis l\u00f5igatakse, \u00f5mmeldakse ja viimistletakse k\u00e4sitsi \u00fche ainukese k\u00e4sit\u00f6\u00f6lise poolt p\u00e4rast Teie tellimuse esitamist. KONTROLLIGE TARNEAEGU KODULEHELT.<\/p>","protected":false},"excerpt":{"rendered":"<p>Tutvustame meie k\u00e4sitsi valmistatud minimalistlikku nahast m\u00fcndikotti \u201eKoishi\u201c, stiilset ja praktilist aksessuaari, mis on loodud hoidmaks teie m\u00fcndid korrastatuna kompaktse ja elegantse disainiga. See m\u00fcndikott on valmistatud suure detailit\u00e4psusega, tagades nii vastupidavuse kui ka funktsionaalsuse.<\/p>\n<p>Valmistatud kvaliteetsest taimparknahast, on see m\u00fcndikott kauni rohelise v\u00e4rviga, mis lisab aksessuaarile elegantsi. Kasutatud nahk p\u00e4rineb k\u00f5rge kvaliteediga nahat\u00f6\u00f6tlemisettev\u00f5tetelt, tagades keskkonnas\u00f5braliku parkimisprotsessi ja tipptasemel materjali.<\/p>\n<p>Lihtsuse ja mugavuse tagamiseks on see minimalistlik m\u00fcndikott varustatud \u00fche messingist trukiga, mis hoiab teie m\u00fcndid turvaliselt paigas ja kergesti ligip\u00e4\u00e4setavad. \u00dcmmargune disain lisab aksessuaarile ainulaadse ja kaasaegse n\u00fcansi, muutes selle eriliseks v\u00f5rreldes traditsiooniliste m\u00fcndikottidega.<\/p>\n<p>See m\u00fcndikott on ideaalne aksessuaar neile, kes hindavad minimalistlikku ja funktsionaalset stiili. Selle erakordne k\u00e4sit\u00f6\u00f6 ja kvaliteetsed materjalid muudavad selle usaldusv\u00e4\u00e4rseks aksessuaariks, mis teenib teid aastaid.<\/p>\n<p>Jaapani s\u00f5na \u201ekoishi\u201c t\u00e4hendab \u201ekivikest\u201c v\u00f5i \u201ev\u00e4ikest kivi\u201c. Minimalistliku nahast m\u00fcndikoti tootenimi \u201eKoishi\u201c v\u00e4ljendab lihtsuse ja minimalismi ideed. Selle nime kasutamine viitab toote loomisele looduslike kivide ilust, eesm\u00e4rgiga tabada lihtsuse ja funktsionaalsuse olemust disainis. Lisaks toob see esile looduse ja maapinnalikkuse tunnetuse, samuti vastupidavuse ja pikaealisuse, omadused, mida seostatakse kividega.<\/p>\n<p>Kokkuv\u00f5ttes on meie k\u00e4sitsi valmistatud minimalistlik nahast m\u00fcndikott rohelises v\u00e4rvitoonis praktiline ja stiilne aksessuaar, mis on loodud kestma. See on valmistatud kvaliteetsetest materjalidest ja detailit\u00e4psusega, tagades vastupidavuse, funktsionaalsuse ja kaasaegse stiili igaks olukorraks. T\u00e4iuslik aksessuaar neile, kes soovivad lisada oma igap\u00e4evasesse v\u00e4limusse rafineeritust ja lihtsust.<\/p>\n<p>KuI soovite rohkem teada taimparknahast ja selle \u00f5ige hooldamise kohta, kl\u00f5psake <a href=\"https:\/\/kivinahk.com\/et\/product-care\/\">siia<\/a> t\u00e4iendava info saamiseks.<\/p>\n<p>Omadused:<\/p>\n<p>-100% k\u00e4sit\u00f6\u00f6<\/p>\n<p>-Kvaliteetne taimparknahk Toskana, Itaalia p\u00e4ritoluga<\/p>\n<p>-Messingist trukk<\/p>\n<p>-M\u00f5\u00f5dud suletuna: 10 x 7 x 0,5cm<\/p>\n<p>-Hoiab \u00fcllatavalt palju m\u00fcnte<\/p>\n<p>-Disainitud ja valmistatud Eestis<\/p>\n<p>M\u00c4RKUS: Iga Kivinaha toode on ainulaadne, mis l\u00f5igatakse, \u00f5mmeldakse ja viimistletakse k\u00e4sitsi \u00fche ainukese k\u00e4sit\u00f6\u00f6lise poolt p\u00e4rast Teie tellimuse esitamist. KONTROLLIGE TARNEAEGU KODULEHELT.<\/p>","protected":false},"featured_media":3824,"comment_status":"open","ping_status":"closed","template":"","meta":{"om_disable_all_campaigns":false,"_monsterinsights_skip_tracking":false,"_monsterinsights_sitenote_active":false,"_monsterinsights_sitenote_note":"","_monsterinsights_sitenote_category":0,"site-sidebar-layout":"default","site-content-layout":"default","ast-site-content-layout":"default","site-content-style":"default","site-sidebar-style":"default","ast-global-header-display":"","ast-banner-title-visibility":"","ast-main-header-display":"","ast-hfb-above-header-display":"","ast-hfb-below-header-display":"","ast-hfb-mobile-header-display":"","site-post-title":"","ast-breadcrumbs-content":"","ast-featured-img":"","footer-sml-layout":"","ast-disable-related-posts":"","theme-transparent-header-meta":"default","adv-header-id-meta":"","stick-header-meta":"","header-above-stick-meta":"","header-main-stick-meta":"","header-below-stick-meta":"","astra-migrate-meta-layouts":"set","ast-page-background-enabled":"default","ast-page-background-meta":{"desktop":{"background-color":"var(--ast-global-color-4)","background-image":"","background-repeat":"repeat","background-position":"center center","background-size":"auto","background-attachment":"scroll","background-type":"","background-media":"","overlay-type":"","overlay-color":"","overlay-opacity":"","overlay-gradient":""},"tablet":{"background-color":"","background-image":"","background-repeat":"repeat","background-position":"center center","background-size":"auto","background-attachment":"scroll","background-type":"","background-media":"","overlay-type":"","overlay-color":"","overlay-opacity":"","overlay-gradient":""},"mobile":{"background-color":"","background-image":"","background-repeat":"repeat","background-position":"center center","background-size":"auto","background-attachment":"scroll","background-type":"","background-media":"","overlay-type":"","overlay-color":"","overlay-opacity":"","overlay-gradient":""}},"ast-content-background-meta":{"desktop":{"background-color":"var(--ast-global-color-5)","background-image":"","background-repeat":"repeat","background-position":"center center","background-size":"auto","background-attachment":"scroll","background-type":"","background-media":"","overlay-type":"","overlay-color":"","overlay-opacity":"","overlay-gradient":""},"tablet":{"background-color":"var(--ast-global-color-5)","background-image":"","background-repeat":"repeat","background-position":"center center","background-size":"auto","background-attachment":"scroll","background-type":"","background-media":"","overlay-type":"","overlay-color":"","overlay-opacity":"","overlay-gradient":""},"mobile":{"background-color":"var(--ast-global-color-5)","background-image":"","background-repeat":"repeat","background-position":"center center","background-size":"auto","background-attachment":"scroll","background-type":"","background-media":"","overlay-type":"","overlay-color":"","overlay-opacity":"","overlay-gradient":""}}},"product_brand":[],"product_cat":[25],"product_tag":[],"class_list":{"0":"post-494","1":"product","2":"type-product","3":"status-publish","4":"has-post-thumbnail","6":"product_cat-coin-pouches","7":"desktop-align-center","8":"tablet-align-left","9":"mobile-align-left","11":"first","12":"instock","13":"purchasable","14":"product-type-simple"},"aioseo_notices":[],"jetpack_sharing_enabled":true,"_links":{"self":[{"href":"https:\/\/kivinahk.com\/et\/wp-json\/wp\/v2\/product\/494","targetHints":{"allow":["GET"]}}],"collection":[{"href":"https:\/\/kivinahk.com\/et\/wp-json\/wp\/v2\/product"}],"about":[{"href":"https:\/\/kivinahk.com\/et\/wp-json\/wp\/v2\/types\/product"}],"replies":[{"embeddable":true,"href":"https:\/\/kivinahk.com\/et\/wp-json\/wp\/v2\/comments?post=494"}],"wp:featuredmedia":[{"embeddable":true,"href":"https:\/\/kivinahk.com\/et\/wp-json\/wp\/v2\/media\/3824"}],"wp:attachment":[{"href":"https:\/\/kivinahk.com\/et\/wp-json\/wp\/v2\/media?parent=494"}],"wp:term":[{"taxonomy":"product_brand","embeddable":true,"href":"https:\/\/kivinahk.com\/et\/wp-json\/wp\/v2\/product_brand?post=494"},{"taxonomy":"product_cat","embeddable":true,"href":"https:\/\/kivinahk.com\/et\/wp-json\/wp\/v2\/product_cat?post=494"},{"taxonomy":"product_tag","embeddable":true,"href":"https:\/\/kivinahk.com\/et\/wp-json\/wp\/v2\/product_tag?post=494"}],"curies":[{"name":"wp","href":"https:\/\/api.w.org\/{rel}","templated":true}]}}