{"id":537,"date":"2022-09-28T10:39:46","date_gmt":"2022-09-28T07:39:46","guid":{"rendered":"https:\/\/kivinahk.com\/?post_type=product&#038;p=537"},"modified":"2025-09-04T12:38:19","modified_gmt":"2025-09-04T09:38:19","slug":"kesseki-blue-almond-minimalist-leather-cardholder","status":"publish","type":"product","link":"https:\/\/kivinahk.com\/et\/toode\/kesseki-blue-almond-minimalist-leather-cardholder\/","title":{"rendered":"Kesseki \u2013 Sinine &amp; Mandlipruun Minimalistlik Nahast Kaarditasku"},"content":{"rendered":"<p>Tutvustame meie k\u00e4sitsi valmistatud minimalistlikku nahast kaarditaskut \u2018Kesseki\u2019 elegantses ning ajatus sinises\/mandlipruunis v\u00e4rvikombinatsioonis. See stiilne ja praktiline aksessuaar hoiab teie olulised kaardid korrastatult ja kompaktselt \u00fcheskoos. Kaarditasku on loodud suure t\u00e4helepanuga detailidele, tagades vastupidavuse ja funktsionaalsuse.<\/p>\n<p>Valmistatud kvaliteetsest taimparknahast, selle kaarditasku sinine ja mandlipruun v\u00e4rvikombinatsioon lisab aksessuaarile elegantsi. Kasutatud nahk p\u00e4rineb mainekatelt nahat\u00f6\u00f6tlemist\u00f6\u00f6kodadelt, tagades keskkonnas\u00f5braliku parkimisprotsessi ja \u00fclimalt kvaliteetse materjali.<\/p>\n<p>Lihtsuse ja mugavuse tagamiseks on see minimalistlik kaarditasku varustatud kolme taskuga, mahutades kokku 5-6 kaarti. Taskud on m\u00f5eldud standardsete krediitkaartide, ID-kaartide ja visiitkaartide jaoks, hoides need turvaliselt ja kergesti kergesti ligip\u00e4\u00e4setavad. Kaarditasku saledat profiili on lihtne panna taskusse v\u00f5i kotti, muutes selle ideaalseks aksessuaariks, mida on mugav kaasas kanda<\/p>\n<p>T\u00e4iuslik neile, kes hindavad tagasihoidlikku luksust, on see kaarditasku lihtsuse ja rafineerituse t\u00e4iuslik suland. Selle erakordne k\u00e4sit\u00f6\u00f6 ja k\u00f5rge kvaliteediga materjalid teevad sellest usaldusv\u00e4\u00e4rse aksessuaari, mis kestab aastaid.<\/p>\n<p>Jaapani s\u00f5na \u201ekesseki\u201d tuleneb m\u00f5istetest \u201eke\u201d, mis t\u00e4hendab \u201emidagi lihtsat, puhtast ja kaunistamata\u201d, ja \u201eseki\u201d, mis t\u00e4hendab \u201ekivi v\u00f5i kalju, mis on aja jooksul vormitud ja poleeritud\u201d. Minimalistliku nahast kaarditasku tootenimi \u201ekesseki\u201d v\u00e4ljendab ajatute ja rafineeritud aksessuaaride ideed, mis on hoolikalt valmistatud, et luua tasakaalu ja harmoonia tunnet. Samuti annab see edasi vastupidavuse ja vastupanuv\u00f5ime t\u00e4henduse, kuna poleeritud kivi v\u00f5i kalju suudab taluda aja proovilepanekut ja s\u00e4ilitada oma ilu.<\/p>\n<p>Kokkuv\u00f5tteks on meie minimalistlik kaarditasku praktiline ja stiilne aksessuaari, mis on loodud kestma. See on valmistatud kvaliteetsetest materjalidest ja p\u00f5hjaliku t\u00e4helepanuga detailidele, tagades vastupidavuse, funktsionaalsuse ja rafineeritud stiili igaks juhuks.<\/p>\n<p>KuI soovite rohkem teada taimparknahast ja selle \u00f5ige hooldamise kohta, kl\u00f5psake <a href=\"https:\/\/kivinahk.com\/et\/product-care\/\">siia<\/a> t\u00e4iendava info saamiseks.<\/p>\n<p>Omadused:<\/p>\n<p>-100% k\u00e4sit\u00f6\u00f6<\/p>\n<p>-Kvaliteetne taimparknahk Toskana, Itaalia p\u00e4ritoluga<\/p>\n<p>-M\u00f5\u00f5dud: 7 x 9 x 0,5cm<\/p>\n<p>-Mahutab 5-6 kaarti<\/p>\n<p>-Disainitud ja valmistatud Eestis<\/p>\n<div class=\"woocommerce-product-details__short-description\">\n<p>M\u00c4RKUS: Iga Kivinaha toode on ainulaadne, mis l\u00f5igatakse, \u00f5mmeldakse ja viimistletakse k\u00e4sitsi \u00fche ainukese k\u00e4sit\u00f6\u00f6lise poolt p\u00e4rast Teie tellimuse esitamist. KONTROLLIGE TARNEAEGU KODULEHELT.<\/p>\n<\/div>","protected":false},"excerpt":{"rendered":"<p>Tutvustame meie k\u00e4sitsi valmistatud minimalistlikku nahast kaarditaskut \u2018Kesseki\u2019 elegantses ning ajatus sinises\/mandlipruunis v\u00e4rvikombinatsioonis. See stiilne ja praktiline aksessuaar hoiab teie olulised kaardid korrastatult ja kompaktselt \u00fcheskoos. Kaarditasku on loodud suure t\u00e4helepanuga detailidele, tagades vastupidavuse ja funktsionaalsuse.<\/p>\n<p>Valmistatud kvaliteetsest taimparknahast, selle kaarditasku sinine ja mandlipruun v\u00e4rvikombinatsioon lisab aksessuaarile elegantsi. Kasutatud nahk p\u00e4rineb mainekatelt nahat\u00f6\u00f6tlemist\u00f6\u00f6kodadelt, tagades keskkonnas\u00f5braliku parkimisprotsessi ja \u00fclimalt kvaliteetse materjali.<\/p>\n<p>Lihtsuse ja mugavuse tagamiseks on see minimalistlik kaarditasku varustatud kolme taskuga, mahutades kokku 5-6 kaarti. Taskud on m\u00f5eldud standardsete krediitkaartide, ID-kaartide ja visiitkaartide jaoks, hoides need turvaliselt ja kergesti kergesti ligip\u00e4\u00e4setavad. Kaarditasku saledat profiili on lihtne panna taskusse v\u00f5i kotti, muutes selle ideaalseks aksessuaariks, mida on mugav kaasas kanda<\/p>\n<p>T\u00e4iuslik neile, kes hindavad tagasihoidlikku luksust, on see kaarditasku lihtsuse ja rafineerituse t\u00e4iuslik suland. Selle erakordne k\u00e4sit\u00f6\u00f6 ja k\u00f5rge kvaliteediga materjalid teevad sellest usaldusv\u00e4\u00e4rse aksessuaari, mis kestab aastaid.<\/p>\n<p>Jaapani s\u00f5na \u201ekesseki\u201d tuleneb m\u00f5istetest \u201eke\u201d, mis t\u00e4hendab \u201emidagi lihtsat, puhtast ja kaunistamata\u201d, ja \u201eseki\u201d, mis t\u00e4hendab \u201ekivi v\u00f5i kalju, mis on aja jooksul vormitud ja poleeritud\u201d. Minimalistliku nahast kaarditasku tootenimi \u201ekesseki\u201d v\u00e4ljendab ajatute ja rafineeritud aksessuaaride ideed, mis on hoolikalt valmistatud, et luua tasakaalu ja harmoonia tunnet. Samuti annab see edasi vastupidavuse ja vastupanuv\u00f5ime t\u00e4henduse, kuna poleeritud kivi v\u00f5i kalju suudab taluda aja proovilepanekut ja s\u00e4ilitada oma ilu.<\/p>\n<p>Kokkuv\u00f5tteks on meie minimalistlik kaarditasku praktiline ja stiilne aksessuaari, mis on loodud kestma. See on valmistatud kvaliteetsetest materjalidest ja p\u00f5hjaliku t\u00e4helepanuga detailidele, tagades vastupidavuse, funktsionaalsuse ja rafineeritud stiili igaks juhuks.<\/p>\n<p>KuI soovite rohkem teada taimparknahast ja selle \u00f5ige hooldamise kohta, kl\u00f5psake <a href=\"https:\/\/kivinahk.com\/et\/product-care\/\">siia<\/a> t\u00e4iendava info saamiseks.<\/p>\n<p>Omadused:<\/p>\n<p>-100% k\u00e4sit\u00f6\u00f6<\/p>\n<p>-Kvaliteetne taimparknahk Toskana, Itaalia p\u00e4ritoluga<\/p>\n<p>-M\u00f5\u00f5dud: 7 x 9 x 0,5cm<\/p>\n<p>-Mahutab 5-6 kaarti<\/p>\n<p>-Disainitud ja valmistatud Eestis<\/p>\n<div class=\"woocommerce-product-details__short-description\">\n<p>M\u00c4RKUS: Iga Kivinaha toode on ainulaadne, mis l\u00f5igatakse, \u00f5mmeldakse ja viimistletakse k\u00e4sitsi \u00fche ainukese k\u00e4sit\u00f6\u00f6lise poolt p\u00e4rast Teie tellimuse esitamist. KONTROLLIGE TARNEAEGU KODULEHELT.<\/p>\n<\/div>","protected":false},"featured_media":3814,"comment_status":"open","ping_status":"closed","template":"","meta":{"om_disable_all_campaigns":false,"_monsterinsights_skip_tracking":false,"_monsterinsights_sitenote_active":false,"_monsterinsights_sitenote_note":"","_monsterinsights_sitenote_category":0,"site-sidebar-layout":"default","site-content-layout":"default","ast-site-content-layout":"default","site-content-style":"default","site-sidebar-style":"default","ast-global-header-display":"","ast-banner-title-visibility":"","ast-main-header-display":"","ast-hfb-above-header-display":"","ast-hfb-below-header-display":"","ast-hfb-mobile-header-display":"","site-post-title":"","ast-breadcrumbs-content":"","ast-featured-img":"","footer-sml-layout":"","ast-disable-related-posts":"","theme-transparent-header-meta":"default","adv-header-id-meta":"","stick-header-meta":"","header-above-stick-meta":"","header-main-stick-meta":"","header-below-stick-meta":"","astra-migrate-meta-layouts":"set","ast-page-background-enabled":"default","ast-page-background-meta":{"desktop":{"background-color":"var(--ast-global-color-4)","background-image":"","background-repeat":"repeat","background-position":"center center","background-size":"auto","background-attachment":"scroll","background-type":"","background-media":"","overlay-type":"","overlay-color":"","overlay-opacity":"","overlay-gradient":""},"tablet":{"background-color":"","background-image":"","background-repeat":"repeat","background-position":"center center","background-size":"auto","background-attachment":"scroll","background-type":"","background-media":"","overlay-type":"","overlay-color":"","overlay-opacity":"","overlay-gradient":""},"mobile":{"background-color":"","background-image":"","background-repeat":"repeat","background-position":"center center","background-size":"auto","background-attachment":"scroll","background-type":"","background-media":"","overlay-type":"","overlay-color":"","overlay-opacity":"","overlay-gradient":""}},"ast-content-background-meta":{"desktop":{"background-color":"var(--ast-global-color-5)","background-image":"","background-repeat":"repeat","background-position":"center center","background-size":"auto","background-attachment":"scroll","background-type":"","background-media":"","overlay-type":"","overlay-color":"","overlay-opacity":"","overlay-gradient":""},"tablet":{"background-color":"var(--ast-global-color-5)","background-image":"","background-repeat":"repeat","background-position":"center center","background-size":"auto","background-attachment":"scroll","background-type":"","background-media":"","overlay-type":"","overlay-color":"","overlay-opacity":"","overlay-gradient":""},"mobile":{"background-color":"var(--ast-global-color-5)","background-image":"","background-repeat":"repeat","background-position":"center center","background-size":"auto","background-attachment":"scroll","background-type":"","background-media":"","overlay-type":"","overlay-color":"","overlay-opacity":"","overlay-gradient":""}}},"product_brand":[],"product_cat":[26],"product_tag":[],"class_list":{"0":"post-537","1":"product","2":"type-product","3":"status-publish","4":"has-post-thumbnail","6":"product_cat-cardholders","7":"desktop-align-center","8":"tablet-align-left","9":"mobile-align-left","11":"first","12":"outofstock","13":"purchasable","14":"product-type-simple"},"aioseo_notices":[],"jetpack_sharing_enabled":true,"_links":{"self":[{"href":"https:\/\/kivinahk.com\/et\/wp-json\/wp\/v2\/product\/537","targetHints":{"allow":["GET"]}}],"collection":[{"href":"https:\/\/kivinahk.com\/et\/wp-json\/wp\/v2\/product"}],"about":[{"href":"https:\/\/kivinahk.com\/et\/wp-json\/wp\/v2\/types\/product"}],"replies":[{"embeddable":true,"href":"https:\/\/kivinahk.com\/et\/wp-json\/wp\/v2\/comments?post=537"}],"wp:featuredmedia":[{"embeddable":true,"href":"https:\/\/kivinahk.com\/et\/wp-json\/wp\/v2\/media\/3814"}],"wp:attachment":[{"href":"https:\/\/kivinahk.com\/et\/wp-json\/wp\/v2\/media?parent=537"}],"wp:term":[{"taxonomy":"product_brand","embeddable":true,"href":"https:\/\/kivinahk.com\/et\/wp-json\/wp\/v2\/product_brand?post=537"},{"taxonomy":"product_cat","embeddable":true,"href":"https:\/\/kivinahk.com\/et\/wp-json\/wp\/v2\/product_cat?post=537"},{"taxonomy":"product_tag","embeddable":true,"href":"https:\/\/kivinahk.com\/et\/wp-json\/wp\/v2\/product_tag?post=537"}],"curies":[{"name":"wp","href":"https:\/\/api.w.org\/{rel}","templated":true}]}}